{"id":48074,"date":"2024-07-02T08:21:26","date_gmt":"2024-07-02T08:21:26","guid":{"rendered":"https:\/\/extrifit.ae\/?post_type=product&#038;p=48074"},"modified":"2026-03-09T19:22:26","modified_gmt":"2026-03-09T19:22:26","slug":"bcaa-instant-211","status":"publish","type":"product","link":"https:\/\/extrifit.ae\/ar\/product\/bcaa-instant-211\/","title":{"rendered":"BCAA \u0627\u0644\u0641\u0648\u0631\u064a 2:1:1"},"content":{"rendered":"<p>BCAA INSTANT is typical with slightly bitter taste of the drink. Attention, BCAA without bitter taste ARE NOT PURE BCAA! We would be able naturally to add other ingredients (dilute BCAA) for better taste but we would not do it in any case. Honesty to our customers is our absolute priority and we are also responsible to EXTRIFIT<sup>\u00ae<\/sup>\u00a0Team members because these members of our EXTRIFIT<sup>\u00ae<\/sup>\u00a0family rely on uncompromising quality of our BCAA INSTANT \u2013 they use them till the last moments before top contests when they are on the strictest diet and they cannot eat anything improper!<\/p>\n<p>Notice that one scoop with the weight 6,5 g is contains 5 g of the pure BCAA! Products from many other producers often do not contain if only half of BCAA.<\/p>\n<p class=\"flavor\">SIMPLY EXTRIFIT<sup>\u00ae<\/sup>\u00a0BCAA ISTANT ARE EXCLUSIVELY THE BEST QUALITY INSTANT BCAA! NO SUGARS, NO FAT, NO OTHER SUBSTITUTES!<\/p>\n<p>BCAA \u2013free branched chain amino acids L-leucine, L-isoleucine a L-valine are essential amino acids that are occurring in muscle tissue. They can be the important energy source for muscle work there. They are naturally contained in food it means they are absolutely natural.<\/p>\n<p>BCAA L-leucine, L-isoleucine and L-valine are considered in sports nutrition to be a supplement with no doubts about its effect. Athletes of all sports disciplines use them. Some of them for muscle mass growth, some for protection against muscle catabolism and others for faster and effective recovery.<\/p>\n<p>The right timing of use and the right form of BCAA are very important for their effect. It is possible to use BCAA also during the day, for example in cutting. But the basic use is in the time of workout. And you need the form of BCAA with good absorption that will not burden your digestive system in this case.<\/p>\n<p>Our BCAA INSTANT is ideal for this aim. BCCA from the drink are excellently absorbed and are almost immediately available for muscles. You supply your body with needed fluid in the form of delicious drink at the same time!<\/p>\n<p>The drink BCAA INSTANT EXTRIFIT<sup>\u00ae<\/sup>\u00a0does not contain any undesirable additives, no chemical colorants, no thickeners! It does not contain any substances that are not necessary and also not suitable for adding to drink with BCAA and only for appearance&#8217;s sake increase its effect in order that producer can increase the price of the product and its volume in container! We repeat that BCAA INSTANT EXTRIFIT<sup>\u00ae<\/sup>\u00a0is exclusively pure BCAA!<\/p>\n<p class=\"flavor\">WE OFFER OUR BCAA INSTANT IN NINE EXCELLENT FLAVOURS. THANKS TO ZERO CONTENT OF SUGARS AND FAT THEY ARE SUITABLE ALSO FOR STRICT DIET AND FOR CUTTING!<\/p>\n<p>BCAA INSTANT EXTRIFIT<sup>\u00ae<\/sup>\u00a0are perfectly soluble, the drink is ready in a few seconds and you can take it with you wherever during the day, begin drinking it before your workout and continue during that, simply as you need. Our BCAA INSTANT meets in all parameters requirement of the most demanding athletes!<\/p>\n<p>Vojta Koritensk\u00fd or Tom\u00e1\u0161 Ka\u0161par drink up to 20 grams of BCAA INSTANT EXTRIFIT<sup>\u00ae<\/sup>\u00a0during the day!Right BCAA ratio: 2:1:1:<\/p>\n<h4 class=\"product_question\">RIGHT BCAA RATIO: 2:1:1:<\/h4>\n<p>BCAA Instant contains twice more of L-leucine than L-isoleucine and L-valine. Leucine is considered to be the most important of BCAA for processes in the muscles occurring during and after the training. But it is necessary to take in all of these free BCAA. The ratio of 2:1:1 meets the physiological need of BCAA and has the best effect. If You use higher doses of L-leucine it could not be better utilized because Rubner\u00b4s law of limit amino acid is valid (amino acids\u00b4 from food utilization depends on in minimal amount contained amino acid) and also Wolf\u00b4s law regarding amino acids surplus is valid (intake of whichever amino acid in too high amount disrupt metabolism of other amino acids and increases signs of limit amino acid).<\/p>\n<h4 class=\"product_question\">BCAA INSTANT EXTRIFIT<sup>\u00ae<\/sup>\u00a0&#8211; SUMMARY IN POINTS:<\/h4>\n<p>\u2022 One and only BCAA containing exclusively BCAA (L-leucine, L-isoleucine a L-valine)<br \/>\n\u2022 No added cheap and useless ingredients that only increase volume of the product and decrease its quality\u00b4<br \/>\n\u2022 9 excellent flavours!<br \/>\n\u2022 zero sugars, zero fat!<br \/>\n\u2022 Suitable also for the strictest diet<br \/>\n\u2022 It is intended for lean muscle mass growth + its protection against catabolism<br \/>\n\u2022 Practically the whole scoop contains only BCAA!<br \/>\n\u2022 The drink does not burden the stomach<br \/>\n\u2022 Excellent absorption, immediately available for muscles<br \/>\n\u2022 The yellow and red colours of the drink are exclusively due to natural beetroot and natural beta carotene<br \/>\n\u2022 The drink is dissolved in a few seconds<br \/>\n\u2022 The right ratio of BCAA 2:1:1 exactly as they are contained in human muscle (the physiologic ratio)<br \/>\n\u2022 The drink is suitable before, during and after your workout and also whenever during the day!<\/p>\n<h4 class=\"product_question\">HOW TO USE BCAA INSTANT:<\/h4>\n<p>BCAA INSTANT supplementation during hard training or weight loss program can prevent muscle catabolism \u2013 for this effect use BCAA before or during the training. For muscle mass growth use BCAA before, during and after your workout. For recovery support use it after the workout or you can begin to drink it already in the second half of that.<\/p>\n<h4 class=\"product_question\">HOW TO PREPARE AND SUGGESTED USE:<\/h4>\n<p>\u2022 Mix 1 heaping scoop (6,5 g) in 200 \u2013 300 ml of water<br \/>\n\u2022 For maximum energy, high intensity of training and muscle loss prevention during the workout being on a weight loss program: 1 scoop 20 \u2013 30 min before the exercise, it is possible to begin already during that<br \/>\n\u2022 For muscle mass growth: split your BCAA dose (the advances athletes and athletes with bodyweight 80 kg and higher 2 \u2013 3 scoops) in 3 parts \u2013 the first part 20 \u2013 30 min before the exercise, the second part during the exercise and the last part 30 min after the exercise<br \/>\n\u2022 For recovery support: split your BCAA dose in two parts, drink the first part during the second half of your workout and the second part after that.<\/p>\n<h4 class=\"product_question\">1 \u0648\u0632\u0646 \u0645\u062d\u062a\u0648\u064a\u0627\u062a \u0627\u0644\u0639\u0628\u0648\u0629:<\/h4>\n<ul>\n<li>6,5 g, 300 g<\/li>\n<\/ul>\n<h4 id=\"slozeni\" class=\"product_question\">\u0645\u0643\u0648\u0646\u0627\u062a:<\/h4>\n<div class=\"flavor_article flavor_12\">\n<p class=\"flavor\">ORANGE<\/p>\n<p>BCAA instant (L-Leucine, L-Isoleucine, L-Valine)<\/p>\n<p><strong>\u0627\u0644\u0645\u0643\u0648\u0646\u0627\u062a \u0627\u0644\u0623\u062e\u0631\u0649:\u00a0<\/strong>citric acid (acidity regulator), flavor, sucralose (sweetener), steviol glycosides (sweetener from Stevia plant \u2013 of natural origin), beta-carotene (natural colorant), soy lecithin (emulsifier)<\/p>\n<\/div>\n<div class=\"flavor_article flavor_11\">\n<p class=\"flavor\">LEMON<\/p>\n<p>BCAA instant (L-Leucine, L-Isoleucine, L-Valine)<\/p>\n<p><strong>\u0627\u0644\u0645\u0643\u0648\u0646\u0627\u062a \u0627\u0644\u0623\u062e\u0631\u0649:\u00a0<\/strong>citric acid (acidity regulator), flavor, sucralose (sweetener), steviol glycosides (sweetener from Stevia plant \u2013 of natural origin), beta-carotene (natural colorant), soy lecithin (emulsifier)<\/p>\n<\/div>\n<div class=\"flavor_article flavor_13\">\n<p class=\"flavor\">APPLE<\/p>\n<p>BCAA instant (L-Leucine, L-Isoleucine, L-Valine)<\/p>\n<p><strong>\u0627\u0644\u0645\u0643\u0648\u0646\u0627\u062a \u0627\u0644\u0623\u062e\u0631\u0649:\u00a0<\/strong>citric acid (acidity regulator), flavor, sucralose (sweetener), steviol glycosides (sweetener from Stevia plant \u2013 of natural origin), spinach extract (natural colorant), soy lecithin (emulsifier)<\/p>\n<\/div>\n<div class=\"flavor_article flavor_15\">\n<p class=\"flavor\">BLACK CURRANT<\/p>\n<p>BCAA instant (L-Leucine, L-Isoleucine, L-Valine)<\/p>\n<p><strong>\u0627\u0644\u0645\u0643\u0648\u0646\u0627\u062a \u0627\u0644\u0623\u062e\u0631\u0649:\u00a0<\/strong>citric acid (acidity regulator), flavor, sucralose (sweetener), steviol glycosides (sweetener from Stevia plant \u2013 of natural origin), red beetroot extract (natural colorant), soy lecithin (emulsifier)<\/p>\n<\/div>\n<div class=\"flavor_article flavor_19\">\n<p class=\"flavor\">PINEAPPLE<\/p>\n<p>BCAA instant (L-Leucine, L-Isoleucine, L-Valine)<\/p>\n<p><strong>\u0627\u0644\u0645\u0643\u0648\u0646\u0627\u062a \u0627\u0644\u0623\u062e\u0631\u0649:\u00a0<\/strong>citric acid (acidity regulator), flavor, sucralose (sweetener), steviol glycosides (sweetener from Stevia plant \u2013 of natural origin), beta-carotene (natural colorant), soy lecithin (emulsifier)<\/p>\n<\/div>\n<div class=\"flavor_article flavor_14\">\n<p class=\"flavor\">GRAPEFRUIT<\/p>\n<p>BCAA instant (L-Leucine, L-Isoleucine, L-Valine)<\/p>\n<p><strong>\u0627\u0644\u0645\u0643\u0648\u0646\u0627\u062a \u0627\u0644\u0623\u062e\u0631\u0649:\u00a0<\/strong>citric acid (acidity regulator), flavor, sucralose (sweetener), steviol glycosides (sweetener from Stevia plant \u2013 of natural origin), beta-carotene (natural colorant), soy lecithin (emulsifier)<\/p>\n<\/div>\n<div class=\"flavor_article flavor_10\">\n<p class=\"flavor\">\u0627\u0644\u0643\u0631\u0632<\/p>\n<p>BCAA instant (L-Leucine, L-Isoleucine, L-Valine)<\/p>\n<p><strong>\u0627\u0644\u0645\u0643\u0648\u0646\u0627\u062a \u0627\u0644\u0623\u062e\u0631\u0649:\u00a0<\/strong>citric acid (acidity regulator), flavor, sucralose (sweetener), steviol glycosides (sweetener from Stevia plant \u2013 of natural origin), red beetroot extract (natural colorant), soy lecithin (emulsifier)<\/p>\n<\/div>\n<div class=\"flavor_article flavor_03\">\n<p class=\"flavor\">\u0627\u0644\u0641\u0631\u0627\u0648\u0644\u0629 \u0627\u0644\u0628\u0631\u064a\u0629 \u0648\u0627\u0644\u0646\u0639\u0646\u0627\u0639<\/p>\n<p>BCAA instant (L-Leucine, L-Isoleucine, L-Valine)<\/p>\n<p><strong>\u0627\u0644\u0645\u0643\u0648\u0646\u0627\u062a \u0627\u0644\u0623\u062e\u0631\u0649:\u00a0<\/strong>citric acid (acidity regulator), flavor, sucralose (sweetener),, steviol glycosides (sweetener from Stevia plant \u2013 of natural origin), red beetroot extract (natural colorant), soy lecithin (emulsifier)<\/p>\n<\/div>\n<div class=\"flavor_article flavor_32\">\n<p class=\"flavor\">\u062a\u0648\u062a \u0627\u0644\u0639\u064f\u0644\u064a\u0642<\/p>\n<p>BCAA instant (L-Leucine, L-Isoleucine, L-Valine)<\/p>\n<p><strong>OTHER INGREDIENTS:\u00a0<\/strong>citric acid (acidity regulator), flavor, sucralose (sweetener),, steviol glycosides (sweetener from Stevia plant \u2013 of natural origin), red beetroot extract (natural colorant), soy lecithin (emulsifier)<\/p>\n<\/div>","protected":false},"excerpt":{"rendered":"<div class=\"section wallpaper_product wallpaper_product_14\">\n<div id=\"spatky-hore\" class=\"inside\">\n<article id=\"o-vyrobku\" class=\"detail_product\">BCAA INSTANT EXTRIFIT\u00ae is only one really pure BCAA without any other ingredients! BCAA INSTANT EXTRIFIT\u00ae contains exclusively BCAA! If you want crystalline BCCA they are here!<\/article>\n<\/div>\n<\/div>","protected":false},"featured_media":48076,"comment_status":"open","ping_status":"closed","template":"","meta":[],"product_brand":[60],"product_cat":[124],"product_tag":[79],"class_list":{"0":"post-48074","1":"product","2":"type-product","3":"status-publish","4":"has-post-thumbnail","6":"product_brand-extrifit","7":"product_cat-aminos-acids-peptides","8":"product_tag-hot","11":"first","12":"instock","13":"sale","14":"taxable","15":"shipping-taxable","16":"purchasable","17":"product-type-variable","18":"has-default-attributes"},"_links":{"self":[{"href":"https:\/\/extrifit.ae\/ar\/wp-json\/wp\/v2\/product\/48074","targetHints":{"allow":["GET"]}}],"collection":[{"href":"https:\/\/extrifit.ae\/ar\/wp-json\/wp\/v2\/product"}],"about":[{"href":"https:\/\/extrifit.ae\/ar\/wp-json\/wp\/v2\/types\/product"}],"replies":[{"embeddable":true,"href":"https:\/\/extrifit.ae\/ar\/wp-json\/wp\/v2\/comments?post=48074"}],"wp:featuredmedia":[{"embeddable":true,"href":"https:\/\/extrifit.ae\/ar\/wp-json\/wp\/v2\/media\/48076"}],"wp:attachment":[{"href":"https:\/\/extrifit.ae\/ar\/wp-json\/wp\/v2\/media?parent=48074"}],"wp:term":[{"taxonomy":"product_brand","embeddable":true,"href":"https:\/\/extrifit.ae\/ar\/wp-json\/wp\/v2\/product_brand?post=48074"},{"taxonomy":"product_cat","embeddable":true,"href":"https:\/\/extrifit.ae\/ar\/wp-json\/wp\/v2\/product_cat?post=48074"},{"taxonomy":"product_tag","embeddable":true,"href":"https:\/\/extrifit.ae\/ar\/wp-json\/wp\/v2\/product_tag?post=48074"}],"curies":[{"name":"wp","href":"https:\/\/api.w.org\/{rel}","templated":true}]}}